{"id":128,"date":"2026-01-20T13:13:13","date_gmt":"2026-01-20T13:13:13","guid":{"rendered":"https:\/\/elektroaga.lv\/?page_id=128"},"modified":"2026-01-20T13:41:57","modified_gmt":"2026-01-20T13:41:57","slug":"buvuzraudziba-un-darbu-vadisana","status":"publish","type":"page","link":"https:\/\/elektroaga.lv\/?page_id=128","title":{"rendered":"B\u016bvuzraudz\u012bba un darbu vad\u012b\u0161ana"},"content":{"rendered":"\n<figure class=\"wp-block-gallery has-nested-images columns-default is-cropped wp-block-gallery-1 is-layout-flex wp-block-gallery-is-layout-flex\">\n<figure class=\"wp-block-image size-full\"><img loading=\"lazy\" decoding=\"async\" width=\"800\" height=\"533\" data-id=\"140\" src=\"https:\/\/elektroaga.lv\/wp-content\/uploads\/2026\/01\/ChatGPT-Image-2026.-g.-20.-janv.-15_41_19.jpg\" alt=\"\" class=\"wp-image-140\" srcset=\"https:\/\/elektroaga.lv\/wp-content\/uploads\/2026\/01\/ChatGPT-Image-2026.-g.-20.-janv.-15_41_19.jpg 800w, https:\/\/elektroaga.lv\/wp-content\/uploads\/2026\/01\/ChatGPT-Image-2026.-g.-20.-janv.-15_41_19-300x200.jpg 300w, https:\/\/elektroaga.lv\/wp-content\/uploads\/2026\/01\/ChatGPT-Image-2026.-g.-20.-janv.-15_41_19-768x512.jpg 768w\" sizes=\"auto, (max-width: 800px) 100vw, 800px\" \/><\/figure>\n<\/figure>\n\n\n\n<h3 class=\"wp-block-heading\">lektromont\u0101\u017eas darbu vad\u012b\u0161ana, b\u016bvuzraudz\u012bba un konsult\u0101cijas<\/h3>\n\n\n\n<p>Pied\u0101v\u0101jam profesion\u0101lu <strong>elektromont\u0101\u017eas darbu vad\u012b\u0161anu<\/strong>, <strong>elektrotehnisko b\u016bvuzraudz\u012bbu<\/strong>, k\u0101 ar\u012b <strong>maksas konsult\u0101cijas<\/strong>, nodro\u0161inot, ka elektrotehniskie risin\u0101jumi tiek pl\u0101noti un realiz\u0113ti kvalitat\u012bvi, dro\u0161i un atbilsto\u0161i projektam un normat\u012bvajiem aktiem. <\/p>\n\n\n\n<p><strong>M\u016bsu pakalpojumi ietver:<\/strong><\/p>\n\n\n\n<ul class=\"wp-block-list\">\n<li>Elektromont\u0101\u017eas darbu organiz\u0113\u0161anu un vad\u012b\u0161anu objekt\u0101<\/li>\n\n\n\n<li>Izpild\u012bto darbu atbilst\u012bbas kontroli projektam un tehniskaj\u0101m pras\u012bb\u0101m<\/li>\n\n\n\n<li>Materi\u0101lu un iek\u0101rtu atbilst\u012bbas uzraudz\u012bbu<\/li>\n\n\n\n<li>Darbu izpildes kvalit\u0101tes, termi\u0146u un darba dro\u0161\u012bbas pras\u012bbu kontroli<\/li>\n\n\n\n<li>Sadarb\u012bbu ar pas\u016bt\u012bt\u0101ju, projekt\u0113t\u0101jiem un b\u016bvniekiem<\/li>\n\n\n\n<li>Izmai\u0146u un tehnisko risin\u0101jumu saska\u0146o\u0161anu b\u016bvniec\u012bbas proces\u0101<\/li>\n<\/ul>\n\n\n\n<p><strong>Elektrotehnisk\u0101 b\u016bvuzraudz\u012bba:<\/strong><\/p>\n\n\n\n<ul class=\"wp-block-list\">\n<li>Regul\u0101ras objekta apskates un darbu pie\u0146em\u0161ana<\/li>\n\n\n\n<li>Sl\u0113pto darbu p\u0101rbaude un fiks\u0113\u0161ana<\/li>\n\n\n\n<li>Dokument\u0101cijas un izpildsh\u0113mu p\u0101rbaude<\/li>\n\n\n\n<li>Atbilst\u012bbas nodro\u0161in\u0101\u0161ana sp\u0113k\u0101 eso\u0161ajiem normat\u012bvajiem aktiem<\/li>\n<\/ul>\n\n\n\n<p><strong>Maksas konsult\u0101cijas:<\/strong><\/p>\n\n\n\n<ul class=\"wp-block-list\">\n<li>Elektrotehnisko risin\u0101jumu izv\u0113rt\u0113\u0161ana un ieteikumi<\/li>\n\n\n\n<li>Konsult\u0101cijas projekt\u0113\u0161anas un b\u016bvniec\u012bbas gait\u0101<\/li>\n\n\n\n<li>Pal\u012bdz\u012bba tehnisku jaut\u0101jumu un nestandarta situ\u0101ciju risin\u0101\u0161an\u0101<\/li>\n<\/ul>\n\n\n\n<p><strong>Darbojamies ar \u0161\u0101diem objektiem:<\/strong><\/p>\n\n\n\n<ul class=\"wp-block-list\">\n<li>Priv\u0101tm\u0101jas un dz\u012bvojam\u0101s \u0113kas<\/li>\n\n\n\n<li>Daudzdz\u012bvok\u013cu \u0113kas<\/li>\n\n\n\n<li>Ra\u017eo\u0161anas un industri\u0101l\u0101s \u0113kas<\/li>\n\n\n\n<li>Komerc\u0113kas un sabiedrisk\u0101s \u0113kas<\/li>\n\n\n\n<li>Citi elektrotehniski objekti atbilsto\u0161i vajadz\u012bb\u0101m<\/li>\n<\/ul>\n\n\n\n<p>SIA Elektro AGA ir b\u016bvkomersant\u0101 re\u0123istr\u0113ts uz\u0146\u0113mums ar sertific\u0113tu speci\u0101listu elektr\u012bbas darbu vad\u012b\u0161an\u0101 un b\u016bvuzraudz\u012bb\u0101.<\/p>\n\n\n\n<figure class=\"wp-block-image size-large\"><img loading=\"lazy\" decoding=\"async\" width=\"577\" height=\"1024\" src=\"https:\/\/elektroaga.lv\/wp-content\/uploads\/2026\/01\/20251120_114556-577x1024.jpg\" alt=\"\" class=\"wp-image-137\" srcset=\"https:\/\/elektroaga.lv\/wp-content\/uploads\/2026\/01\/20251120_114556-577x1024.jpg 577w, https:\/\/elektroaga.lv\/wp-content\/uploads\/2026\/01\/20251120_114556-169x300.jpg 169w, https:\/\/elektroaga.lv\/wp-content\/uploads\/2026\/01\/20251120_114556-768x1364.jpg 768w, https:\/\/elektroaga.lv\/wp-content\/uploads\/2026\/01\/20251120_114556-865x1536.jpg 865w, https:\/\/elektroaga.lv\/wp-content\/uploads\/2026\/01\/20251120_114556-1153x2048.jpg 1153w, https:\/\/elektroaga.lv\/wp-content\/uploads\/2026\/01\/20251120_114556-scaled.jpg 1441w\" sizes=\"auto, (max-width: 577px) 100vw, 577px\" \/><\/figure>\n","protected":false},"excerpt":{"rendered":"<p>lektromont\u0101\u017eas darbu vad\u012b\u0161ana, b\u016bvuzraudz\u012bba un konsult\u0101cijas Pied\u0101v\u0101jam profesion\u0101lu elektromont\u0101\u017eas darbu vad\u012b\u0161anu, elektrotehnisko b\u016bvuzraudz\u012bbu, k\u0101 ar\u012b maksas konsult\u0101cijas, nodro\u0161inot, ka elektrotehniskie [&hellip;]<\/p>\n","protected":false},"author":2,"featured_media":0,"parent":0,"menu_order":0,"comment_status":"closed","ping_status":"closed","template":"","meta":{"site-sidebar-layout":"default","site-content-layout":"","ast-site-content-layout":"default","site-content-style":"default","site-sidebar-style":"default","ast-global-header-display":"","ast-banner-title-visibility":"","ast-main-header-display":"","ast-hfb-above-header-display":"","ast-hfb-below-header-display":"","ast-hfb-mobile-header-display":"","site-post-title":"","ast-breadcrumbs-content":"","ast-featured-img":"","footer-sml-layout":"","ast-disable-related-posts":"","theme-transparent-header-meta":"","adv-header-id-meta":"","stick-header-meta":"","header-above-stick-meta":"","header-main-stick-meta":"","header-below-stick-meta":"","astra-migrate-meta-layouts":"default","ast-page-background-enabled":"default","ast-page-background-meta":{"desktop":{"background-color":"var(--ast-global-color-5)","background-image":"","background-repeat":"repeat","background-position":"center center","background-size":"auto","background-attachment":"scroll","background-type":"","background-media":"","overlay-type":"","overlay-color":"","overlay-opacity":"","overlay-gradient":""},"tablet":{"background-color":"","background-image":"","background-repeat":"repeat","background-position":"center center","background-size":"auto","background-attachment":"scroll","background-type":"","background-media":"","overlay-type":"","overlay-color":"","overlay-opacity":"","overlay-gradient":""},"mobile":{"background-color":"","background-image":"","background-repeat":"repeat","background-position":"center center","background-size":"auto","background-attachment":"scroll","background-type":"","background-media":"","overlay-type":"","overlay-color":"","overlay-opacity":"","overlay-gradient":""}},"ast-content-background-meta":{"desktop":{"background-color":"var(--ast-global-color-4)","background-image":"","background-repeat":"repeat","background-position":"center center","background-size":"auto","background-attachment":"scroll","background-type":"","background-media":"","overlay-type":"","overlay-color":"","overlay-opacity":"","overlay-gradient":""},"tablet":{"background-color":"var(--ast-global-color-4)","background-image":"","background-repeat":"repeat","background-position":"center center","background-size":"auto","background-attachment":"scroll","background-type":"","background-media":"","overlay-type":"","overlay-color":"","overlay-opacity":"","overlay-gradient":""},"mobile":{"background-color":"var(--ast-global-color-4)","background-image":"","background-repeat":"repeat","background-position":"center center","background-size":"auto","background-attachment":"scroll","background-type":"","background-media":"","overlay-type":"","overlay-color":"","overlay-opacity":"","overlay-gradient":""}},"footnotes":""},"class_list":["post-128","page","type-page","status-publish","hentry"],"_links":{"self":[{"href":"https:\/\/elektroaga.lv\/index.php?rest_route=\/wp\/v2\/pages\/128","targetHints":{"allow":["GET"]}}],"collection":[{"href":"https:\/\/elektroaga.lv\/index.php?rest_route=\/wp\/v2\/pages"}],"about":[{"href":"https:\/\/elektroaga.lv\/index.php?rest_route=\/wp\/v2\/types\/page"}],"author":[{"embeddable":true,"href":"https:\/\/elektroaga.lv\/index.php?rest_route=\/wp\/v2\/users\/2"}],"replies":[{"embeddable":true,"href":"https:\/\/elektroaga.lv\/index.php?rest_route=%2Fwp%2Fv2%2Fcomments&post=128"}],"version-history":[{"count":3,"href":"https:\/\/elektroaga.lv\/index.php?rest_route=\/wp\/v2\/pages\/128\/revisions"}],"predecessor-version":[{"id":141,"href":"https:\/\/elektroaga.lv\/index.php?rest_route=\/wp\/v2\/pages\/128\/revisions\/141"}],"wp:attachment":[{"href":"https:\/\/elektroaga.lv\/index.php?rest_route=%2Fwp%2Fv2%2Fmedia&parent=128"}],"curies":[{"name":"wp","href":"https:\/\/api.w.org\/{rel}","templated":true}]}}