{"id":31,"date":"2022-10-15T04:23:12","date_gmt":"2022-10-15T04:23:12","guid":{"rendered":"http:\/\/elektroaga.lv\/?page_id=31"},"modified":"2026-01-05T07:19:00","modified_gmt":"2026-01-05T07:19:00","slug":"elektromontazas-darbi","status":"publish","type":"page","link":"https:\/\/elektroaga.lv\/?page_id=31","title":{"rendered":"Elektromont\u0101\u017eas darbi"},"content":{"rendered":"\n<p>Pied\u0101v\u0101jam veikt elektroinstal\u0101cijas darbus gan dz\u012bvoklim, gan sabiedriskaj\u0101m b\u016bv\u0113m, gan ra\u017eo\u0161anas \u0113k\u0101m. Veicam eso\u0161o t\u012bklu p\u0101rbaudi un remontu. <\/p>\n\n\n\n<ul class=\"wp-block-list\">\n<li>Iek\u0161\u0113jo un \u0101r\u0113jo elektrot\u012bklu izb\u016bve, p\u0101rb\u016bve<\/li>\n\n\n\n<li>Eso\u0161o t\u012bklu p\u0101rbaude un remonts<\/li>\n\n\n\n<li>Apgaismojuma izb\u016bve, p\u0101rb\u016bve<\/li>\n\n\n\n<li>Zibensaizsardz\u012bbas izb\u016bve<\/li>\n\n\n\n<li><\/li>\n<\/ul>\n\n\n\n<p>Darbus veicam C\u0113s\u012bs, Valmier\u0101, R\u012bg\u0101 k\u0101 ar\u012b cit\u0101s Latvijas pils\u0113t\u0101s.<\/p>\n\n\n\n<p><\/p>\n\n\n\n<h2 class=\"wp-block-heading\">Ieskats m\u016bsu objektos:<\/h2>\n\n\n\n<p>Siguldas iela, C\u0113sis Daudz\u012bvok\u013cu m\u0101jas elektroinstal\u0101cijas izb\u016bve 16 dz\u012bvok\u013cos.<\/p>\n\n\n\n<div class=\"wp-block-group is-layout-constrained wp-block-group-is-layout-constrained\">\n<figure class=\"wp-block-gallery has-nested-images columns-default is-cropped wp-block-gallery-1 is-layout-flex wp-block-gallery-is-layout-flex\">\n<figure class=\"wp-block-image size-large\"><img loading=\"lazy\" decoding=\"async\" width=\"1024\" height=\"577\" data-id=\"94\" src=\"https:\/\/elektroaga.lv\/wp-content\/uploads\/2026\/01\/20250805_105033-1024x577.jpg\" alt=\"\" class=\"wp-image-94\" srcset=\"https:\/\/elektroaga.lv\/wp-content\/uploads\/2026\/01\/20250805_105033-1024x577.jpg 1024w, https:\/\/elektroaga.lv\/wp-content\/uploads\/2026\/01\/20250805_105033-300x169.jpg 300w, https:\/\/elektroaga.lv\/wp-content\/uploads\/2026\/01\/20250805_105033-768x432.jpg 768w, https:\/\/elektroaga.lv\/wp-content\/uploads\/2026\/01\/20250805_105033-1536x865.jpg 1536w, https:\/\/elektroaga.lv\/wp-content\/uploads\/2026\/01\/20250805_105033-2048x1153.jpg 2048w\" sizes=\"auto, (max-width: 1024px) 100vw, 1024px\" \/><\/figure>\n\n\n\n<figure class=\"wp-block-image size-large\"><img loading=\"lazy\" decoding=\"async\" width=\"1024\" height=\"577\" data-id=\"96\" src=\"https:\/\/elektroaga.lv\/wp-content\/uploads\/2026\/01\/20250805_105021-1024x577.jpg\" alt=\"\" class=\"wp-image-96\" srcset=\"https:\/\/elektroaga.lv\/wp-content\/uploads\/2026\/01\/20250805_105021-1024x577.jpg 1024w, https:\/\/elektroaga.lv\/wp-content\/uploads\/2026\/01\/20250805_105021-300x169.jpg 300w, https:\/\/elektroaga.lv\/wp-content\/uploads\/2026\/01\/20250805_105021-768x432.jpg 768w, https:\/\/elektroaga.lv\/wp-content\/uploads\/2026\/01\/20250805_105021-1536x865.jpg 1536w, https:\/\/elektroaga.lv\/wp-content\/uploads\/2026\/01\/20250805_105021-2048x1153.jpg 2048w\" sizes=\"auto, (max-width: 1024px) 100vw, 1024px\" \/><\/figure>\n\n\n\n<figure class=\"wp-block-image size-large\"><img loading=\"lazy\" decoding=\"async\" width=\"1024\" height=\"577\" data-id=\"95\" src=\"https:\/\/elektroaga.lv\/wp-content\/uploads\/2026\/01\/20250805_104907-1024x577.jpg\" alt=\"\" class=\"wp-image-95\" srcset=\"https:\/\/elektroaga.lv\/wp-content\/uploads\/2026\/01\/20250805_104907-1024x577.jpg 1024w, https:\/\/elektroaga.lv\/wp-content\/uploads\/2026\/01\/20250805_104907-300x169.jpg 300w, https:\/\/elektroaga.lv\/wp-content\/uploads\/2026\/01\/20250805_104907-768x432.jpg 768w, https:\/\/elektroaga.lv\/wp-content\/uploads\/2026\/01\/20250805_104907-1536x865.jpg 1536w, https:\/\/elektroaga.lv\/wp-content\/uploads\/2026\/01\/20250805_104907-2048x1153.jpg 2048w\" sizes=\"auto, (max-width: 1024px) 100vw, 1024px\" \/><\/figure>\n\n\n\n<figure class=\"wp-block-image size-large\"><img loading=\"lazy\" decoding=\"async\" width=\"768\" height=\"1024\" data-id=\"97\" src=\"https:\/\/elektroaga.lv\/wp-content\/uploads\/2026\/01\/20250912_112243-768x1024.jpg\" alt=\"\" class=\"wp-image-97\" srcset=\"https:\/\/elektroaga.lv\/wp-content\/uploads\/2026\/01\/20250912_112243-768x1024.jpg 768w, https:\/\/elektroaga.lv\/wp-content\/uploads\/2026\/01\/20250912_112243-225x300.jpg 225w, https:\/\/elektroaga.lv\/wp-content\/uploads\/2026\/01\/20250912_112243-1152x1536.jpg 1152w, https:\/\/elektroaga.lv\/wp-content\/uploads\/2026\/01\/20250912_112243-1536x2048.jpg 1536w, https:\/\/elektroaga.lv\/wp-content\/uploads\/2026\/01\/20250912_112243-scaled.jpg 1920w\" sizes=\"auto, (max-width: 768px) 100vw, 768px\" \/><\/figure>\n<\/figure>\n<\/div>\n\n\n\n<p>Siguldas iela, C\u0113sis <\/p>\n\n\n\n<p>Kr\u016bzes 3, R\u012bga Ofisa \u0113kas elektroinstal\u0101cijas izb\u016bve<\/p>\n\n\n\n<figure class=\"wp-block-gallery has-nested-images columns-default is-cropped wp-block-gallery-2 is-layout-flex wp-block-gallery-is-layout-flex\">\n<figure class=\"wp-block-image size-large\"><img loading=\"lazy\" decoding=\"async\" width=\"1024\" height=\"577\" data-id=\"92\" src=\"https:\/\/elektroaga.lv\/wp-content\/uploads\/2026\/01\/20251009_102935-1024x577.jpg\" alt=\"\" class=\"wp-image-92\" srcset=\"https:\/\/elektroaga.lv\/wp-content\/uploads\/2026\/01\/20251009_102935-1024x577.jpg 1024w, https:\/\/elektroaga.lv\/wp-content\/uploads\/2026\/01\/20251009_102935-300x169.jpg 300w, https:\/\/elektroaga.lv\/wp-content\/uploads\/2026\/01\/20251009_102935-768x432.jpg 768w, https:\/\/elektroaga.lv\/wp-content\/uploads\/2026\/01\/20251009_102935-1536x865.jpg 1536w, https:\/\/elektroaga.lv\/wp-content\/uploads\/2026\/01\/20251009_102935-2048x1153.jpg 2048w\" sizes=\"auto, (max-width: 1024px) 100vw, 1024px\" \/><\/figure>\n\n\n\n<figure class=\"wp-block-image size-large\"><img loading=\"lazy\" decoding=\"async\" width=\"1024\" height=\"577\" data-id=\"89\" src=\"https:\/\/elektroaga.lv\/wp-content\/uploads\/2026\/01\/20251009_102028-1024x577.jpg\" alt=\"\" class=\"wp-image-89\" srcset=\"https:\/\/elektroaga.lv\/wp-content\/uploads\/2026\/01\/20251009_102028-1024x577.jpg 1024w, https:\/\/elektroaga.lv\/wp-content\/uploads\/2026\/01\/20251009_102028-300x169.jpg 300w, https:\/\/elektroaga.lv\/wp-content\/uploads\/2026\/01\/20251009_102028-768x432.jpg 768w, https:\/\/elektroaga.lv\/wp-content\/uploads\/2026\/01\/20251009_102028-1536x865.jpg 1536w, https:\/\/elektroaga.lv\/wp-content\/uploads\/2026\/01\/20251009_102028-2048x1153.jpg 2048w\" sizes=\"auto, (max-width: 1024px) 100vw, 1024px\" \/><\/figure>\n\n\n\n<figure class=\"wp-block-image size-large\"><img loading=\"lazy\" decoding=\"async\" width=\"1024\" height=\"577\" data-id=\"91\" src=\"https:\/\/elektroaga.lv\/wp-content\/uploads\/2026\/01\/20251009_102925-1024x577.jpg\" alt=\"\" class=\"wp-image-91\" srcset=\"https:\/\/elektroaga.lv\/wp-content\/uploads\/2026\/01\/20251009_102925-1024x577.jpg 1024w, https:\/\/elektroaga.lv\/wp-content\/uploads\/2026\/01\/20251009_102925-300x169.jpg 300w, https:\/\/elektroaga.lv\/wp-content\/uploads\/2026\/01\/20251009_102925-768x432.jpg 768w, https:\/\/elektroaga.lv\/wp-content\/uploads\/2026\/01\/20251009_102925-1536x865.jpg 1536w, https:\/\/elektroaga.lv\/wp-content\/uploads\/2026\/01\/20251009_102925-2048x1153.jpg 2048w\" sizes=\"auto, (max-width: 1024px) 100vw, 1024px\" \/><\/figure>\n\n\n\n<figure class=\"wp-block-image size-large\"><img loading=\"lazy\" decoding=\"async\" width=\"1024\" height=\"577\" data-id=\"90\" src=\"https:\/\/elektroaga.lv\/wp-content\/uploads\/2026\/01\/20251009_100658-1024x577.jpg\" alt=\"\" class=\"wp-image-90\" srcset=\"https:\/\/elektroaga.lv\/wp-content\/uploads\/2026\/01\/20251009_100658-1024x577.jpg 1024w, https:\/\/elektroaga.lv\/wp-content\/uploads\/2026\/01\/20251009_100658-300x169.jpg 300w, https:\/\/elektroaga.lv\/wp-content\/uploads\/2026\/01\/20251009_100658-768x432.jpg 768w, https:\/\/elektroaga.lv\/wp-content\/uploads\/2026\/01\/20251009_100658-1536x865.jpg 1536w, https:\/\/elektroaga.lv\/wp-content\/uploads\/2026\/01\/20251009_100658-2048x1153.jpg 2048w\" sizes=\"auto, (max-width: 1024px) 100vw, 1024px\" \/><\/figure>\n<\/figure>\n\n\n\n<p>Dz\u0113rve\u0146u 2, Sigulda <\/p>\n\n\n\n<p>16 dz\u012bvok\u013cu m\u0101jas elektroinstal\u0101cijas izb\u016bve 16 dz\u012bvok\u013cos.<\/p>\n\n\n\n<figure class=\"wp-block-gallery has-nested-images columns-default is-cropped wp-block-gallery-3 is-layout-flex wp-block-gallery-is-layout-flex\">\n<figure class=\"wp-block-image size-large\"><img loading=\"lazy\" decoding=\"async\" width=\"1024\" height=\"473\" data-id=\"82\" src=\"https:\/\/elektroaga.lv\/wp-content\/uploads\/2026\/01\/20241028_110454-1024x473.jpg\" alt=\"\" class=\"wp-image-82\" srcset=\"https:\/\/elektroaga.lv\/wp-content\/uploads\/2026\/01\/20241028_110454-1024x473.jpg 1024w, https:\/\/elektroaga.lv\/wp-content\/uploads\/2026\/01\/20241028_110454-300x139.jpg 300w, https:\/\/elektroaga.lv\/wp-content\/uploads\/2026\/01\/20241028_110454-768x355.jpg 768w, https:\/\/elektroaga.lv\/wp-content\/uploads\/2026\/01\/20241028_110454-1536x710.jpg 1536w, https:\/\/elektroaga.lv\/wp-content\/uploads\/2026\/01\/20241028_110454-2048x946.jpg 2048w\" sizes=\"auto, (max-width: 1024px) 100vw, 1024px\" \/><\/figure>\n\n\n\n<figure class=\"wp-block-image size-large\"><img loading=\"lazy\" decoding=\"async\" width=\"1024\" height=\"577\" data-id=\"83\" src=\"https:\/\/elektroaga.lv\/wp-content\/uploads\/2026\/01\/20241028_110522-1024x577.jpg\" alt=\"\" class=\"wp-image-83\" srcset=\"https:\/\/elektroaga.lv\/wp-content\/uploads\/2026\/01\/20241028_110522-1024x577.jpg 1024w, https:\/\/elektroaga.lv\/wp-content\/uploads\/2026\/01\/20241028_110522-300x169.jpg 300w, https:\/\/elektroaga.lv\/wp-content\/uploads\/2026\/01\/20241028_110522-768x432.jpg 768w, https:\/\/elektroaga.lv\/wp-content\/uploads\/2026\/01\/20241028_110522-1536x865.jpg 1536w, https:\/\/elektroaga.lv\/wp-content\/uploads\/2026\/01\/20241028_110522-2048x1153.jpg 2048w\" sizes=\"auto, (max-width: 1024px) 100vw, 1024px\" \/><\/figure>\n\n\n\n<figure class=\"wp-block-image size-large\"><img loading=\"lazy\" decoding=\"async\" width=\"1024\" height=\"577\" data-id=\"84\" src=\"https:\/\/elektroaga.lv\/wp-content\/uploads\/2026\/01\/20241028_112404-1024x577.jpg\" alt=\"\" class=\"wp-image-84\" srcset=\"https:\/\/elektroaga.lv\/wp-content\/uploads\/2026\/01\/20241028_112404-1024x577.jpg 1024w, https:\/\/elektroaga.lv\/wp-content\/uploads\/2026\/01\/20241028_112404-300x169.jpg 300w, https:\/\/elektroaga.lv\/wp-content\/uploads\/2026\/01\/20241028_112404-768x432.jpg 768w, https:\/\/elektroaga.lv\/wp-content\/uploads\/2026\/01\/20241028_112404-1536x865.jpg 1536w, https:\/\/elektroaga.lv\/wp-content\/uploads\/2026\/01\/20241028_112404-2048x1153.jpg 2048w\" sizes=\"auto, (max-width: 1024px) 100vw, 1024px\" \/><\/figure>\n\n\n\n<figure class=\"wp-block-image size-large\"><img loading=\"lazy\" decoding=\"async\" width=\"1024\" height=\"577\" data-id=\"85\" src=\"https:\/\/elektroaga.lv\/wp-content\/uploads\/2026\/01\/20241028_110141-1024x577.jpg\" alt=\"\" class=\"wp-image-85\" srcset=\"https:\/\/elektroaga.lv\/wp-content\/uploads\/2026\/01\/20241028_110141-1024x577.jpg 1024w, https:\/\/elektroaga.lv\/wp-content\/uploads\/2026\/01\/20241028_110141-300x169.jpg 300w, https:\/\/elektroaga.lv\/wp-content\/uploads\/2026\/01\/20241028_110141-768x432.jpg 768w, https:\/\/elektroaga.lv\/wp-content\/uploads\/2026\/01\/20241028_110141-1536x865.jpg 1536w, https:\/\/elektroaga.lv\/wp-content\/uploads\/2026\/01\/20241028_110141-2048x1153.jpg 2048w\" sizes=\"auto, (max-width: 1024px) 100vw, 1024px\" \/><\/figure>\n<\/figure>\n\n\n\n<p>P\u0113cuzskaites izb\u016bve C\u0113s\u012bs no transformatora l\u012bdz ra\u017eo\u0161anas \u0113kai<\/p>\n\n\n\n<figure class=\"wp-block-gallery has-nested-images columns-default is-cropped wp-block-gallery-4 is-layout-flex wp-block-gallery-is-layout-flex\">\n<figure class=\"wp-block-image size-large\"><img loading=\"lazy\" decoding=\"async\" width=\"576\" height=\"1024\" data-id=\"99\" src=\"https:\/\/elektroaga.lv\/wp-content\/uploads\/2026\/01\/20240416_094725-576x1024.jpg\" alt=\"\" class=\"wp-image-99\" srcset=\"https:\/\/elektroaga.lv\/wp-content\/uploads\/2026\/01\/20240416_094725-576x1024.jpg 576w, https:\/\/elektroaga.lv\/wp-content\/uploads\/2026\/01\/20240416_094725-169x300.jpg 169w, https:\/\/elektroaga.lv\/wp-content\/uploads\/2026\/01\/20240416_094725-768x1365.jpg 768w, https:\/\/elektroaga.lv\/wp-content\/uploads\/2026\/01\/20240416_094725-864x1536.jpg 864w, https:\/\/elektroaga.lv\/wp-content\/uploads\/2026\/01\/20240416_094725-1152x2048.jpg 1152w, https:\/\/elektroaga.lv\/wp-content\/uploads\/2026\/01\/20240416_094725-scaled.jpg 1440w\" sizes=\"auto, (max-width: 576px) 100vw, 576px\" \/><\/figure>\n\n\n\n<figure class=\"wp-block-image size-large\"><img loading=\"lazy\" decoding=\"async\" width=\"576\" height=\"1024\" data-id=\"100\" src=\"https:\/\/elektroaga.lv\/wp-content\/uploads\/2026\/01\/20240408_155947-576x1024.jpg\" alt=\"\" class=\"wp-image-100\" srcset=\"https:\/\/elektroaga.lv\/wp-content\/uploads\/2026\/01\/20240408_155947-576x1024.jpg 576w, https:\/\/elektroaga.lv\/wp-content\/uploads\/2026\/01\/20240408_155947-169x300.jpg 169w, https:\/\/elektroaga.lv\/wp-content\/uploads\/2026\/01\/20240408_155947-768x1365.jpg 768w, https:\/\/elektroaga.lv\/wp-content\/uploads\/2026\/01\/20240408_155947-864x1536.jpg 864w, https:\/\/elektroaga.lv\/wp-content\/uploads\/2026\/01\/20240408_155947-1152x2048.jpg 1152w, https:\/\/elektroaga.lv\/wp-content\/uploads\/2026\/01\/20240408_155947-scaled.jpg 1440w\" sizes=\"auto, (max-width: 576px) 100vw, 576px\" \/><\/figure>\n<\/figure>\n\n\n\n<p>Atp\u016btas nami\u0146a iek\u0161\u0113jo un \u0101r\u0113jo elektrot\u012bklu izb\u016bve<\/p>\n\n\n\n<figure class=\"wp-block-gallery has-nested-images columns-default is-cropped wp-block-gallery-5 is-layout-flex wp-block-gallery-is-layout-flex\">\n<figure class=\"wp-block-image size-large\"><img loading=\"lazy\" decoding=\"async\" width=\"1024\" height=\"681\" data-id=\"106\" src=\"https:\/\/elektroaga.lv\/wp-content\/uploads\/2026\/01\/Ivara-namins-88-1024x681.jpg\" alt=\"\" class=\"wp-image-106\" srcset=\"https:\/\/elektroaga.lv\/wp-content\/uploads\/2026\/01\/Ivara-namins-88-1024x681.jpg 1024w, https:\/\/elektroaga.lv\/wp-content\/uploads\/2026\/01\/Ivara-namins-88-300x200.jpg 300w, https:\/\/elektroaga.lv\/wp-content\/uploads\/2026\/01\/Ivara-namins-88-768x511.jpg 768w, https:\/\/elektroaga.lv\/wp-content\/uploads\/2026\/01\/Ivara-namins-88-1536x1022.jpg 1536w, https:\/\/elektroaga.lv\/wp-content\/uploads\/2026\/01\/Ivara-namins-88-2048x1362.jpg 2048w\" sizes=\"auto, (max-width: 1024px) 100vw, 1024px\" \/><\/figure>\n\n\n\n<figure class=\"wp-block-image size-large\"><img loading=\"lazy\" decoding=\"async\" width=\"1024\" height=\"649\" data-id=\"108\" src=\"https:\/\/elektroaga.lv\/wp-content\/uploads\/2026\/01\/Ivara-namins-61-1-1024x649.jpg\" alt=\"\" class=\"wp-image-108\" srcset=\"https:\/\/elektroaga.lv\/wp-content\/uploads\/2026\/01\/Ivara-namins-61-1-1024x649.jpg 1024w, https:\/\/elektroaga.lv\/wp-content\/uploads\/2026\/01\/Ivara-namins-61-1-300x190.jpg 300w, https:\/\/elektroaga.lv\/wp-content\/uploads\/2026\/01\/Ivara-namins-61-1-768x487.jpg 768w, https:\/\/elektroaga.lv\/wp-content\/uploads\/2026\/01\/Ivara-namins-61-1-1536x974.jpg 1536w, https:\/\/elektroaga.lv\/wp-content\/uploads\/2026\/01\/Ivara-namins-61-1-2048x1298.jpg 2048w\" sizes=\"auto, (max-width: 1024px) 100vw, 1024px\" \/><\/figure>\n\n\n\n<figure class=\"wp-block-image size-large\"><img loading=\"lazy\" decoding=\"async\" width=\"1024\" height=\"661\" data-id=\"107\" src=\"https:\/\/elektroaga.lv\/wp-content\/uploads\/2026\/01\/Ivara-namins-60-1-1024x661.jpg\" alt=\"\" class=\"wp-image-107\" srcset=\"https:\/\/elektroaga.lv\/wp-content\/uploads\/2026\/01\/Ivara-namins-60-1-1024x661.jpg 1024w, https:\/\/elektroaga.lv\/wp-content\/uploads\/2026\/01\/Ivara-namins-60-1-300x194.jpg 300w, https:\/\/elektroaga.lv\/wp-content\/uploads\/2026\/01\/Ivara-namins-60-1-768x496.jpg 768w, https:\/\/elektroaga.lv\/wp-content\/uploads\/2026\/01\/Ivara-namins-60-1-1536x992.jpg 1536w, https:\/\/elektroaga.lv\/wp-content\/uploads\/2026\/01\/Ivara-namins-60-1-2048x1322.jpg 2048w\" sizes=\"auto, (max-width: 1024px) 100vw, 1024px\" \/><\/figure>\n\n\n\n<figure class=\"wp-block-image size-large\"><img loading=\"lazy\" decoding=\"async\" width=\"1024\" height=\"671\" data-id=\"109\" src=\"https:\/\/elektroaga.lv\/wp-content\/uploads\/2026\/01\/Ivara-namins-59-1-1024x671.jpg\" alt=\"\" class=\"wp-image-109\" srcset=\"https:\/\/elektroaga.lv\/wp-content\/uploads\/2026\/01\/Ivara-namins-59-1-1024x671.jpg 1024w, https:\/\/elektroaga.lv\/wp-content\/uploads\/2026\/01\/Ivara-namins-59-1-300x196.jpg 300w, https:\/\/elektroaga.lv\/wp-content\/uploads\/2026\/01\/Ivara-namins-59-1-768x503.jpg 768w, https:\/\/elektroaga.lv\/wp-content\/uploads\/2026\/01\/Ivara-namins-59-1-1536x1006.jpg 1536w, https:\/\/elektroaga.lv\/wp-content\/uploads\/2026\/01\/Ivara-namins-59-1-2048x1341.jpg 2048w\" sizes=\"auto, (max-width: 1024px) 100vw, 1024px\" \/><\/figure>\n<\/figure>\n\n\n\n<p>Darbn\u012bcas telpu elektroinstal\u0101cijas un apgaismojuma p\u0101rb\u016bve Valmier\u0101<\/p>\n\n\n\n<figure class=\"wp-block-gallery has-nested-images columns-default is-cropped wp-block-gallery-6 is-layout-flex wp-block-gallery-is-layout-flex\">\n<figure class=\"wp-block-image size-large\"><img loading=\"lazy\" decoding=\"async\" width=\"577\" height=\"1024\" data-id=\"112\" src=\"https:\/\/elektroaga.lv\/wp-content\/uploads\/2026\/01\/20241105_113157-577x1024.jpg\" alt=\"\" class=\"wp-image-112\" srcset=\"https:\/\/elektroaga.lv\/wp-content\/uploads\/2026\/01\/20241105_113157-577x1024.jpg 577w, https:\/\/elektroaga.lv\/wp-content\/uploads\/2026\/01\/20241105_113157-169x300.jpg 169w, https:\/\/elektroaga.lv\/wp-content\/uploads\/2026\/01\/20241105_113157-768x1364.jpg 768w, https:\/\/elektroaga.lv\/wp-content\/uploads\/2026\/01\/20241105_113157-865x1536.jpg 865w, https:\/\/elektroaga.lv\/wp-content\/uploads\/2026\/01\/20241105_113157-1153x2048.jpg 1153w, https:\/\/elektroaga.lv\/wp-content\/uploads\/2026\/01\/20241105_113157-scaled.jpg 1441w\" sizes=\"auto, (max-width: 577px) 100vw, 577px\" \/><\/figure>\n\n\n\n<figure class=\"wp-block-image size-large\"><img loading=\"lazy\" decoding=\"async\" width=\"577\" height=\"1024\" data-id=\"114\" src=\"https:\/\/elektroaga.lv\/wp-content\/uploads\/2026\/01\/20241105_113103-577x1024.jpg\" alt=\"\" class=\"wp-image-114\" srcset=\"https:\/\/elektroaga.lv\/wp-content\/uploads\/2026\/01\/20241105_113103-577x1024.jpg 577w, https:\/\/elektroaga.lv\/wp-content\/uploads\/2026\/01\/20241105_113103-169x300.jpg 169w, https:\/\/elektroaga.lv\/wp-content\/uploads\/2026\/01\/20241105_113103-768x1364.jpg 768w, https:\/\/elektroaga.lv\/wp-content\/uploads\/2026\/01\/20241105_113103-865x1536.jpg 865w, https:\/\/elektroaga.lv\/wp-content\/uploads\/2026\/01\/20241105_113103-1153x2048.jpg 1153w, https:\/\/elektroaga.lv\/wp-content\/uploads\/2026\/01\/20241105_113103-scaled.jpg 1441w\" sizes=\"auto, (max-width: 577px) 100vw, 577px\" \/><\/figure>\n\n\n\n<figure class=\"wp-block-image size-large\"><img loading=\"lazy\" decoding=\"async\" width=\"577\" height=\"1024\" data-id=\"113\" src=\"https:\/\/elektroaga.lv\/wp-content\/uploads\/2026\/01\/20241105_122518-577x1024.jpg\" alt=\"\" class=\"wp-image-113\" srcset=\"https:\/\/elektroaga.lv\/wp-content\/uploads\/2026\/01\/20241105_122518-577x1024.jpg 577w, https:\/\/elektroaga.lv\/wp-content\/uploads\/2026\/01\/20241105_122518-169x300.jpg 169w, https:\/\/elektroaga.lv\/wp-content\/uploads\/2026\/01\/20241105_122518-768x1364.jpg 768w, https:\/\/elektroaga.lv\/wp-content\/uploads\/2026\/01\/20241105_122518-865x1536.jpg 865w, https:\/\/elektroaga.lv\/wp-content\/uploads\/2026\/01\/20241105_122518-1153x2048.jpg 1153w, https:\/\/elektroaga.lv\/wp-content\/uploads\/2026\/01\/20241105_122518-scaled.jpg 1441w\" sizes=\"auto, (max-width: 577px) 100vw, 577px\" \/><\/figure>\n<\/figure>\n\n\n\n<p>Akt\u012bv\u0101s zibensaizsaidz\u012bbas izb\u016bve Olain\u0113<\/p>\n\n\n\n<figure class=\"wp-block-gallery has-nested-images columns-default is-cropped wp-block-gallery-7 is-layout-flex wp-block-gallery-is-layout-flex\">\n<figure class=\"wp-block-image size-large\"><img loading=\"lazy\" decoding=\"async\" width=\"577\" height=\"1024\" data-id=\"117\" src=\"https:\/\/elektroaga.lv\/wp-content\/uploads\/2026\/01\/20250707_105452-577x1024.jpg\" alt=\"\" class=\"wp-image-117\" srcset=\"https:\/\/elektroaga.lv\/wp-content\/uploads\/2026\/01\/20250707_105452-577x1024.jpg 577w, https:\/\/elektroaga.lv\/wp-content\/uploads\/2026\/01\/20250707_105452-169x300.jpg 169w, https:\/\/elektroaga.lv\/wp-content\/uploads\/2026\/01\/20250707_105452-768x1364.jpg 768w, https:\/\/elektroaga.lv\/wp-content\/uploads\/2026\/01\/20250707_105452-865x1536.jpg 865w, https:\/\/elektroaga.lv\/wp-content\/uploads\/2026\/01\/20250707_105452-1153x2048.jpg 1153w, https:\/\/elektroaga.lv\/wp-content\/uploads\/2026\/01\/20250707_105452-scaled.jpg 1441w\" sizes=\"auto, (max-width: 577px) 100vw, 577px\" \/><\/figure>\n\n\n\n<figure class=\"wp-block-image size-large\"><img loading=\"lazy\" decoding=\"async\" width=\"577\" height=\"1024\" data-id=\"118\" src=\"https:\/\/elektroaga.lv\/wp-content\/uploads\/2026\/01\/20250707_105440-577x1024.jpg\" alt=\"\" class=\"wp-image-118\" srcset=\"https:\/\/elektroaga.lv\/wp-content\/uploads\/2026\/01\/20250707_105440-577x1024.jpg 577w, https:\/\/elektroaga.lv\/wp-content\/uploads\/2026\/01\/20250707_105440-169x300.jpg 169w, https:\/\/elektroaga.lv\/wp-content\/uploads\/2026\/01\/20250707_105440-768x1364.jpg 768w, https:\/\/elektroaga.lv\/wp-content\/uploads\/2026\/01\/20250707_105440-865x1536.jpg 865w, https:\/\/elektroaga.lv\/wp-content\/uploads\/2026\/01\/20250707_105440-1153x2048.jpg 1153w, https:\/\/elektroaga.lv\/wp-content\/uploads\/2026\/01\/20250707_105440-scaled.jpg 1441w\" sizes=\"auto, (max-width: 577px) 100vw, 577px\" \/><\/figure>\n\n\n\n<figure class=\"wp-block-image size-large\"><img loading=\"lazy\" decoding=\"async\" width=\"577\" height=\"1024\" data-id=\"116\" src=\"https:\/\/elektroaga.lv\/wp-content\/uploads\/2026\/01\/20250707_104929-577x1024.jpg\" alt=\"\" class=\"wp-image-116\" srcset=\"https:\/\/elektroaga.lv\/wp-content\/uploads\/2026\/01\/20250707_104929-577x1024.jpg 577w, https:\/\/elektroaga.lv\/wp-content\/uploads\/2026\/01\/20250707_104929-169x300.jpg 169w, https:\/\/elektroaga.lv\/wp-content\/uploads\/2026\/01\/20250707_104929-768x1364.jpg 768w, https:\/\/elektroaga.lv\/wp-content\/uploads\/2026\/01\/20250707_104929-865x1536.jpg 865w, https:\/\/elektroaga.lv\/wp-content\/uploads\/2026\/01\/20250707_104929-1153x2048.jpg 1153w, https:\/\/elektroaga.lv\/wp-content\/uploads\/2026\/01\/20250707_104929-scaled.jpg 1441w\" sizes=\"auto, (max-width: 577px) 100vw, 577px\" \/><\/figure>\n<\/figure>\n","protected":false},"excerpt":{"rendered":"<p>Pied\u0101v\u0101jam veikt elektroinstal\u0101cijas darbus gan dz\u012bvoklim, gan sabiedriskaj\u0101m b\u016bv\u0113m, gan ra\u017eo\u0161anas \u0113k\u0101m. Veicam eso\u0161o t\u012bklu p\u0101rbaudi un remontu. Darbus veicam [&hellip;]<\/p>\n","protected":false},"author":2,"featured_media":0,"parent":0,"menu_order":2,"comment_status":"closed","ping_status":"closed","template":"","meta":{"site-sidebar-layout":"default","site-content-layout":"","ast-site-content-layout":"default","site-content-style":"default","site-sidebar-style":"default","ast-global-header-display":"","ast-banner-title-visibility":"","ast-main-header-display":"","ast-hfb-above-header-display":"","ast-hfb-below-header-display":"","ast-hfb-mobile-header-display":"","site-post-title":"","ast-breadcrumbs-content":"","ast-featured-img":"","footer-sml-layout":"","ast-disable-related-posts":"","theme-transparent-header-meta":"","adv-header-id-meta":"","stick-header-meta":"","header-above-stick-meta":"","header-main-stick-meta":"","header-below-stick-meta":"","astra-migrate-meta-layouts":"default","ast-page-background-enabled":"default","ast-page-background-meta":{"desktop":{"background-color":"var(--ast-global-color-5)","background-image":"","background-repeat":"repeat","background-position":"center center","background-size":"auto","background-attachment":"scroll","background-type":"","background-media":"","overlay-type":"","overlay-color":"","overlay-opacity":"","overlay-gradient":""},"tablet":{"background-color":"","background-image":"","background-repeat":"repeat","background-position":"center center","background-size":"auto","background-attachment":"scroll","background-type":"","background-media":"","overlay-type":"","overlay-color":"","overlay-opacity":"","overlay-gradient":""},"mobile":{"background-color":"","background-image":"","background-repeat":"repeat","background-position":"center center","background-size":"auto","background-attachment":"scroll","background-type":"","background-media":"","overlay-type":"","overlay-color":"","overlay-opacity":"","overlay-gradient":""}},"ast-content-background-meta":{"desktop":{"background-color":"var(--ast-global-color-4)","background-image":"","background-repeat":"repeat","background-position":"center center","background-size":"auto","background-attachment":"scroll","background-type":"","background-media":"","overlay-type":"","overlay-color":"","overlay-opacity":"","overlay-gradient":""},"tablet":{"background-color":"var(--ast-global-color-4)","background-image":"","background-repeat":"repeat","background-position":"center center","background-size":"auto","background-attachment":"scroll","background-type":"","background-media":"","overlay-type":"","overlay-color":"","overlay-opacity":"","overlay-gradient":""},"mobile":{"background-color":"var(--ast-global-color-4)","background-image":"","background-repeat":"repeat","background-position":"center center","background-size":"auto","background-attachment":"scroll","background-type":"","background-media":"","overlay-type":"","overlay-color":"","overlay-opacity":"","overlay-gradient":""}},"footnotes":""},"class_list":["post-31","page","type-page","status-publish","hentry"],"_links":{"self":[{"href":"https:\/\/elektroaga.lv\/index.php?rest_route=\/wp\/v2\/pages\/31","targetHints":{"allow":["GET"]}}],"collection":[{"href":"https:\/\/elektroaga.lv\/index.php?rest_route=\/wp\/v2\/pages"}],"about":[{"href":"https:\/\/elektroaga.lv\/index.php?rest_route=\/wp\/v2\/types\/page"}],"author":[{"embeddable":true,"href":"https:\/\/elektroaga.lv\/index.php?rest_route=\/wp\/v2\/users\/2"}],"replies":[{"embeddable":true,"href":"https:\/\/elektroaga.lv\/index.php?rest_route=%2Fwp%2Fv2%2Fcomments&post=31"}],"version-history":[{"count":11,"href":"https:\/\/elektroaga.lv\/index.php?rest_route=\/wp\/v2\/pages\/31\/revisions"}],"predecessor-version":[{"id":120,"href":"https:\/\/elektroaga.lv\/index.php?rest_route=\/wp\/v2\/pages\/31\/revisions\/120"}],"wp:attachment":[{"href":"https:\/\/elektroaga.lv\/index.php?rest_route=%2Fwp%2Fv2%2Fmedia&parent=31"}],"curies":[{"name":"wp","href":"https:\/\/api.w.org\/{rel}","templated":true}]}}